{"id":144,"date":"2021-12-05T14:46:31","date_gmt":"2021-12-05T13:46:31","guid":{"rendered":"https:\/\/kanzlei-nassif.de\/startseite\/"},"modified":"2023-01-23T11:34:27","modified_gmt":"2023-01-23T10:34:27","slug":"startseite","status":"publish","type":"page","link":"https:\/\/kanzlei-nassif.de\/en\/","title":{"rendered":"Home"},"content":{"rendered":"<div  class=\"kd-fullwidth-wrapper-block  section section--intro py-0 my-0 kd-fullwidth-wrapper-block--containered\"\n                    style=\"\">\n    <div class=\"container kd-fullwidth-wrapper-block__container\">\n\t    \n\n<div class=\"is-layout-flex wp-container-3 wp-block-columns\">\n<div class=\"is-layout-flow wp-block-column is-vertically-aligned-center\">\n<p>As a criminal defense lawyer, I advise and defend your interests as individuals and companies exclusively in criminal and misdemeanor law, both in preliminary proceedings and in the main hearing in court. This includes in particular the quick reaction in case of arrests, searches, seizures and interrogations by the police and the public prosecutor&#8217;s office. Therefore, I have many years of experience as a criminal defense lawyer. Through participation in numerous criminal trials in all instances, I have a distinctive expertise as a specialist lawyer for criminal law and also accompany companies in the area of preventive advice and in compliance issues.<\/p>\n<\/div>\n\n\n\n<div class=\"is-layout-flow wp-block-column is-vertically-aligned-center\">\n<figure class=\"wp-block-image size-large\" id=\"in_intro--img\"><img decoding=\"async\" loading=\"lazy\" width=\"1024\" height=\"640\" src=\"https:\/\/kanzlei-nassif.de\/wp-content\/uploads\/2021\/11\/iyad-nassif-intro-1024x640.jpg\" alt=\"\" class=\"wp-image-119\" srcset=\"https:\/\/kanzlei-nassif.de\/wp-content\/uploads\/2021\/11\/iyad-nassif-intro-1024x640.jpg 1024w, https:\/\/kanzlei-nassif.de\/wp-content\/uploads\/2021\/11\/iyad-nassif-intro-300x188.jpg 300w, https:\/\/kanzlei-nassif.de\/wp-content\/uploads\/2021\/11\/iyad-nassif-intro-768x480.jpg 768w, https:\/\/kanzlei-nassif.de\/wp-content\/uploads\/2021\/11\/iyad-nassif-intro-1536x960.jpg 1536w, https:\/\/kanzlei-nassif.de\/wp-content\/uploads\/2021\/11\/iyad-nassif-intro.jpg 1920w\" sizes=\"(max-width: 1024px) 100vw, 1024px\" \/><figcaption class=\"wp-element-caption\"><strong>Dr. Iyad Nassif<\/strong><br>Lawyer<br>Specialist lawyer in criminal law<\/figcaption><\/figure>\n<\/div>\n<\/div>\n\n\n    <\/div>\n\t    <\/div>\n\n\n<div  id=\"kompetenzen\" class=\"kd-fullwidth-wrapper-block  section section--kompetenzen py-0 my-0 kd-fullwidth-wrapper-block--containered\"\n                    style=\"\">\n    <div class=\"container kd-fullwidth-wrapper-block__container\">\n\t    \n\n<h1 class=\"section__header has-white-color has-text-color\">Competences in criminal and administrative offences law<\/h1>\n\n\n\n<ul class=\"has-white-color has-text-color\">\n<li>General criminal and misdemeanor law<\/li>\n\n\n\n<li>Economic and fiscal criminal law<\/li>\n\n\n\n<li>Criminal law relating to capital offences<\/li>\n\n\n\n<li>Narcotics law<\/li>\n\n\n\n<li>Juvenile criminal law<\/li>\n\n\n\n<li>Public defences<\/li>\n\n\n\n<li>ombudsman&#8217;s office<\/li>\n\n\n\n<li>Medical criminal law and medical criminal law<\/li>\n\n\n\n<li>Criminal product law<\/li>\n\n\n\n<li>Criminal law relating to balance sheets<\/li>\n\n\n\n<li>Witness assistance<\/li>\n\n\n\n<li>Victim representation (Nebenklage &amp; Adh\u00e4sionsverfahren)<\/li>\n\n\n\n<li>Preparation of criminal charges<\/li>\n\n\n\n<li>Antitrust sanctions law<\/li>\n\n\n\n<li>Environmental criminal law<\/li>\n\n\n\n<li>Intellectual property criminal law<\/li>\n\n\n\n<li>Labor criminal law<\/li>\n\n\n\n<li>Criminal competition law<\/li>\n\n\n\n<li>Insolvency criminal law<\/li>\n\n\n\n<li>Data protection criminal law<\/li>\n\n\n\n<li>Sexual Offences Law<\/li>\n\n\n\n<li>Traffic Criminal Law<\/li>\n\n\n\n<li>Prevention of corporate crime<\/li>\n\n\n\n<li>Compliance<\/li>\n<\/ul>\n\n\n    <\/div>\n\t    <\/div>\n\n\n<div  id=\"about\" class=\"kd-fullwidth-wrapper-block  section section--about py-0 my-0 kd-fullwidth-wrapper-block--containered\"\n                    style=\"\">\n    <div class=\"container kd-fullwidth-wrapper-block__container\">\n\t    \n\n<h1 class=\"section__header\">Dr. Iyad Nassif<\/h1>\n\n\n\n<div class=\"is-layout-flex wp-container-6 wp-block-columns\">\n<div class=\"is-layout-flow wp-block-column\">\n<h2 class=\"mt-0\">Origin<\/h2>\n\n\n\n<p>Born 1980 in Krefeld<\/p>\n\n\n\n<h2>Languages<\/h2>\n\n\n\n<p>German, English, Arabic<\/p>\n\n\n\n<h2>Legal Education<\/h2>\n\n\n\n<p>Studied law at the Philipps University of Marburg and the Westphalian Wilhelms University of M\u00fcnster<\/p>\n\n\n\n<p>Legal clerkship at the Higher Regional Court of Hamm<\/p>\n\n\n\n<h2>Law degrees<\/h2>\n\n\n\n<p>Staatsexamina<\/p>\n\n\n\n<p>State examinations <\/p>\n\n\n\n<p>Doctorate (Dr. jur.) with a dissertation in the field of criminal procedural law<\/p>\n\n\n\n<h2>Publications<\/h2>\n\n\n\n<p>An arrest warrant pursuant to section 230 (2) of the Code of Criminal Procedure serves solely to safeguard proceedings with regard to the (further) conduct of the main hearing and does not have the purpose of sanctioning the disobedience of the accused &#8211; Decision of Essen Regional Court of 26.07.2022 &#8211; 30 Qs &#8211; 27 Js 1059\/20 &#8211; 12\/22<br>StraFO 2023, p. 26 f.<\/p>\n\n\n\n<p>Compliance Quick Check: Mit f\u00fcnf Fragen die L\u00fccken auffinden<br>Compliance Manager Magazin 2020 (25. Aufl.), S. 77<\/p>\n\n\n\n<p>Nach \u00a7 395 Abs. 3 StPO kann ausnahmsweise auch der Vorwurf der Untreue gem. \u00a7 266 StGB zum Nebenklageanschluss berechtigen \u2013 Anmerkungen zum Beschlu\u00df des AG Duisburg vom 11.03.2020 \u2013 93 Ls-642 Js 100\/15-74\/19<br>StraFo 2020, S. 248<\/p>\n\n\n\n<p>Schwerwiegende Pflichtverletzung und damit ein wichtiger Grund zur K\u00fcndigung des Anstellungsvertrages bei der (GmbH-) Gesch\u00e4ftsf\u00fchrer aufgrund von Verst\u00f6\u00dfen gegen Compliance-Vorschriften \u2013 Anmerkungen zum Urteil des OLG Hamm vom 29.05.2019 \u2013 8 U 146\/18<br>CCZ 2020, S. 243<\/p>\n\n\n\n<p>Garantenpflicht des Vorgesetzten zur Verhinderung von (betriebsbezogenen) Straftaten von Mitarbeitern \u2013 Anmerkung zum Beschlu\u00df des BGH vom 06.02.2018 \u2013 5 StR 629\/1<br>CCZ 2019, S. 97<\/p>\n\n\n\n<p>Compliance-Praxis aus Sicht der anwaltlichen Beratung<br>Beck\u00b4scher Referendarf\u00fchrer 2014\/2015<\/p>\n<\/div>\n\n\n\n<div class=\"is-layout-flow wp-block-column\">\n<h2 class=\"mt-0\">Activities<\/h2>\n\n\n\n<p>Since 2022 Lecturer at Bielefeld University at the Chair of Prof.&#8217;In Dr. Charlotte Schmitt-Leonardy for Criminal Law, Criminal Procedure Law and Interdisciplinary Legal Research<\/p>\n\n\n\n<p>Since 2019 specialist attorney for criminal law<\/p>\n\n\n\n<p>Since 2019 Co-Chair of the Criminal Law Working Group of the German Institute for Compliance e.V. (DICO)<\/p>\n\n\n\n<p>Since 2019 Lecturer for the master&#8217;s degree program &#8220;LL.M. Compliance&#8221; on corruption prevention at the University of Regensburg<\/p>\n\n\n\n<p>Since 2018 speaker at the Management Circle intensive seminar on the topic: compliance risk assessment<\/p>\n\n\n\n<p>Since 2016 Law firm owner in Essen<\/p>\n\n\n\n<p>Since 2016 Lawyer | in-house lawyer at E.ON SE in the area: white collar criminal law, compliance and fraud prevention, esp. corruption prevention<\/p>\n\n\n\n<p>2015 &#8211; 2016 Attorney | Criminal Defense Lawyer for white-collar and fiscal criminal law at the law firm Thomas Deckers Wehnert Elsner Rechtsanw\u00e4lte in D\u00fcsseldorf<\/p>\n\n\n\n<p>2014 &#8211; 2015 Attorney | Criminal Defense Lawyer for white-collar and fiscal criminal law at M\u00fctze Korsch Rechtsanwaltsgesellschafts mbH in D\u00fcsseldorf<\/p>\n\n\n\n<p>2013 &#8211; 2014 Attorney at Law | Criminal Defense Lawyer for Commercial and Tax Crimes at PETERS Rechtsanw\u00e4lte Partnerschaftsgesellschaft in D\u00fcsseldorf<\/p>\n\n\n\n<p>2009 &#8211; 2013 Lawyer | in-house counsel at AUDI AG in the area of: white-collar criminal law, compliance and anti-fraud, esp. anti-corruption<\/p>\n\n\n\n<h2>Memberships<\/h2>\n\n\n\n<p>Criminal Law Working Group of the German Bar Association Hamm Bar Association<\/p>\n\n\n\n<p>German Institute for Compliance e.V. (DICO e.V.)<\/p>\n<\/div>\n<\/div>\n\n\n    <\/div>\n\t    <\/div>\n\n\n<div  id=\"referenzen\" class=\"kd-fullwidth-wrapper-block  section section--referenzen py-0 my-0 kd-fullwidth-wrapper-block--containered\"\n                    style=\"\">\n    <div class=\"container kd-fullwidth-wrapper-block__container\">\n\t    \n\n<h1 class=\"section__header\">References<\/h1>\n\n\n\n<blockquote class=\"wp-block-quote\">\n<p>\u201eAt this point, I would like to express my great praise and recommendation to Dr Nassif. He represented me in a criminal case regarding two different charges, which were ultimately dropped thanks to good cooperation and his professionalism. I have been defended by many lawyers in my life, but none has been as accessible and communicative as Dr Nassif. In addition to his legal expertise, he is also an extremely friendly and down-to-earth person. This is how defence should go hand in hand with the client. Great!\u201c<\/p>\n<cite>Dan B. P. from D\u00fcsseldorf<\/cite><\/blockquote>\n\n\n\n<blockquote class=\"wp-block-quote\">\n<p>\u201eAn unbelievable accusation was made against me by the public prosecutor&#8217;s office: predatory extortion. Dr. Nassif persuaded me to make a personal statement to the police in Mannheim. There, in 4 hours of interrogation, accompanied by Dr. Nassif with his very calm and fully understanding of the case, I convinced the public prosecutor of my innocence. Shortly thereafter, I had the discontinuation order.\u201c<\/p>\n<cite>Matthias H. from Frankfurt<\/cite><\/blockquote>\n\n\n\n<blockquote class=\"wp-block-quote\">\n<p>\u201eDr. Nassif is always committed, very friendly and open. He is a great lawyer and can only be recommended!\u201c<\/p>\n<cite>Aysgiel T. from Essen<\/cite><\/blockquote>\n\n\n\n<blockquote class=\"wp-block-quote\">\n<p>\u201eDr. Nassif supported me mentally in prison very much and made up for the mistake of the justice system.&#8221;<\/p>\n<cite>Kaya G. from Velbert<\/cite><\/blockquote>\n\n\n\n<blockquote class=\"wp-block-quote\">\n<p>\u201eI was accused of having sexually abused my brother&#8217;s son several times; no one wanted to believe me and I was in pre-trial detention for several months. Dr. Nassif made sure that I was acquitted at the Essen Regional Court. My family and I are eternally grateful to him.\u201c<\/p>\n<cite>Samer A. from Essen<\/cite><\/blockquote>\n\n\n    <\/div>\n\t    <\/div>\n\n\n<div  id=\"kontakt\" class=\"kd-fullwidth-wrapper-block  section section--kontakt py-0 my-0 kd-fullwidth-wrapper-block--containered\"\n                    style=\"\">\n    <div class=\"container kd-fullwidth-wrapper-block__container\">\n\t    \n\n<h1 class=\"section__header\">Contact<\/h1>\n\n\n\n<h2>Law Firm Dr. Iyad Nassif, Essen Germany<\/h2>\n\n\n\n<figure class=\"wp-block-table is-style-regular\"><table><tbody><tr><td><strong>Phone<\/strong><\/td><td>+49 152 22756312<\/td><\/tr><tr><td><strong>Fax<\/strong><\/td><td>+49 201 80684859<\/td><\/tr><tr><td><strong>E-Mail<\/strong><\/td><td>info@kanzlei-nassif.de<\/td><\/tr><\/tbody><\/table><\/figure>\n\n\n    <\/div>\n\t    <\/div>\n","protected":false},"excerpt":{"rendered":"<p> [&#8230;]<\/p>\n<p><a class=\"btn btn-secondary understrap-read-more-link\" href=\"https:\/\/kanzlei-nassif.de\/en\/\">Read More&#8230;<span class=\"screen-reader-text\"> from Home<\/span><\/a><\/p>\n","protected":false},"author":1,"featured_media":0,"parent":0,"menu_order":0,"comment_status":"closed","ping_status":"open","template":"","meta":[],"acf":[],"yoast_head":"<!-- This site is optimized with the Yoast SEO plugin v19.14 - https:\/\/yoast.com\/wordpress\/plugins\/seo\/ -->\n<title>Kanzlei-Nassif.de | Lawyer and criminal defense attorney from Essen<\/title>\n<meta name=\"description\" content=\"Dr. Iyad Nassif (specialist lawyer for criminal law) has been advising and representing clients in the field of criminal and misdemeanor law for years.\" \/>\n<meta name=\"robots\" content=\"index, follow, max-snippet:-1, max-image-preview:large, max-video-preview:-1\" \/>\n<link rel=\"canonical\" href=\"https:\/\/kanzlei-nassif.de\/en\/\" \/>\n<meta property=\"og:locale\" content=\"en_US\" \/>\n<meta property=\"og:type\" content=\"article\" \/>\n<meta property=\"og:title\" content=\"Kanzlei-Nassif.de | Lawyer and criminal defense attorney from Essen\" \/>\n<meta property=\"og:description\" content=\"Dr. Iyad Nassif (specialist lawyer for criminal law) has been advising and representing clients in the field of criminal and misdemeanor law for years.\" \/>\n<meta property=\"og:url\" content=\"https:\/\/kanzlei-nassif.de\/en\/\" \/>\n<meta property=\"og:site_name\" content=\"kanzlei-nassif.de\" \/>\n<meta property=\"article:modified_time\" content=\"2023-01-23T10:34:27+00:00\" \/>\n<meta property=\"og:image\" content=\"https:\/\/kanzlei-nassif.de\/wp-content\/uploads\/2021\/11\/iyad-nassif-intro-1024x640.jpg\" \/>\n<meta name=\"twitter:card\" content=\"summary_large_image\" \/>\n<meta name=\"twitter:label1\" content=\"Est. reading time\" \/>\n\t<meta name=\"twitter:data1\" content=\"6 minutes\" \/>\n<script type=\"application\/ld+json\" class=\"yoast-schema-graph\">{\"@context\":\"https:\/\/schema.org\",\"@graph\":[{\"@type\":\"WebPage\",\"@id\":\"https:\/\/kanzlei-nassif.de\/en\/\",\"url\":\"https:\/\/kanzlei-nassif.de\/en\/\",\"name\":\"Kanzlei-Nassif.de | Lawyer and criminal defense attorney from Essen\",\"isPartOf\":{\"@id\":\"https:\/\/kanzlei-nassif.de\/en\/#website\"},\"datePublished\":\"2021-12-05T13:46:31+00:00\",\"dateModified\":\"2023-01-23T10:34:27+00:00\",\"description\":\"Dr. Iyad Nassif (specialist lawyer for criminal law) has been advising and representing clients in the field of criminal and misdemeanor law for years.\",\"breadcrumb\":{\"@id\":\"https:\/\/kanzlei-nassif.de\/en\/#breadcrumb\"},\"inLanguage\":\"en-US\",\"potentialAction\":[{\"@type\":\"ReadAction\",\"target\":[\"https:\/\/kanzlei-nassif.de\/en\/\"]}]},{\"@type\":\"BreadcrumbList\",\"@id\":\"https:\/\/kanzlei-nassif.de\/en\/#breadcrumb\",\"itemListElement\":[{\"@type\":\"ListItem\",\"position\":1,\"name\":\"Home\",\"item\":\"https:\/\/kanzlei-nassif.de\/en\/\"},{\"@type\":\"ListItem\",\"position\":2,\"name\":\"Home\"}]},{\"@type\":\"WebSite\",\"@id\":\"https:\/\/kanzlei-nassif.de\/en\/#website\",\"url\":\"https:\/\/kanzlei-nassif.de\/en\/\",\"name\":\"kanzlei-nassif.de\",\"description\":\"\",\"publisher\":{\"@id\":\"https:\/\/kanzlei-nassif.de\/en\/#organization\"},\"potentialAction\":[{\"@type\":\"SearchAction\",\"target\":{\"@type\":\"EntryPoint\",\"urlTemplate\":\"https:\/\/kanzlei-nassif.de\/en\/?s={search_term_string}\"},\"query-input\":\"required name=search_term_string\"}],\"inLanguage\":\"en-US\"},{\"@type\":\"Organization\",\"@id\":\"https:\/\/kanzlei-nassif.de\/en\/#organization\",\"name\":\"kanzlei-nassif.de\",\"url\":\"https:\/\/kanzlei-nassif.de\/en\/\",\"logo\":{\"@type\":\"ImageObject\",\"inLanguage\":\"en-US\",\"@id\":\"https:\/\/kanzlei-nassif.de\/en\/#\/schema\/logo\/image\/\",\"url\":\"https:\/\/kanzlei-nassif.de\/wp-content\/uploads\/2021\/11\/iyad-nassif-logo-white.svg\",\"contentUrl\":\"https:\/\/kanzlei-nassif.de\/wp-content\/uploads\/2021\/11\/iyad-nassif-logo-white.svg\",\"width\":1080,\"height\":660,\"caption\":\"kanzlei-nassif.de\"},\"image\":{\"@id\":\"https:\/\/kanzlei-nassif.de\/en\/#\/schema\/logo\/image\/\"}}]}<\/script>\n<!-- \/ Yoast SEO plugin. -->","yoast_head_json":{"title":"Kanzlei-Nassif.de | Lawyer and criminal defense attorney from Essen","description":"Dr. Iyad Nassif (specialist lawyer for criminal law) has been advising and representing clients in the field of criminal and misdemeanor law for years.","robots":{"index":"index","follow":"follow","max-snippet":"max-snippet:-1","max-image-preview":"max-image-preview:large","max-video-preview":"max-video-preview:-1"},"canonical":"https:\/\/kanzlei-nassif.de\/en\/","og_locale":"en_US","og_type":"article","og_title":"Kanzlei-Nassif.de | Lawyer and criminal defense attorney from Essen","og_description":"Dr. Iyad Nassif (specialist lawyer for criminal law) has been advising and representing clients in the field of criminal and misdemeanor law for years.","og_url":"https:\/\/kanzlei-nassif.de\/en\/","og_site_name":"kanzlei-nassif.de","article_modified_time":"2023-01-23T10:34:27+00:00","og_image":[{"url":"https:\/\/kanzlei-nassif.de\/wp-content\/uploads\/2021\/11\/iyad-nassif-intro-1024x640.jpg"}],"twitter_card":"summary_large_image","twitter_misc":{"Est. reading time":"6 minutes"},"schema":{"@context":"https:\/\/schema.org","@graph":[{"@type":"WebPage","@id":"https:\/\/kanzlei-nassif.de\/en\/","url":"https:\/\/kanzlei-nassif.de\/en\/","name":"Kanzlei-Nassif.de | Lawyer and criminal defense attorney from Essen","isPartOf":{"@id":"https:\/\/kanzlei-nassif.de\/en\/#website"},"datePublished":"2021-12-05T13:46:31+00:00","dateModified":"2023-01-23T10:34:27+00:00","description":"Dr. Iyad Nassif (specialist lawyer for criminal law) has been advising and representing clients in the field of criminal and misdemeanor law for years.","breadcrumb":{"@id":"https:\/\/kanzlei-nassif.de\/en\/#breadcrumb"},"inLanguage":"en-US","potentialAction":[{"@type":"ReadAction","target":["https:\/\/kanzlei-nassif.de\/en\/"]}]},{"@type":"BreadcrumbList","@id":"https:\/\/kanzlei-nassif.de\/en\/#breadcrumb","itemListElement":[{"@type":"ListItem","position":1,"name":"Home","item":"https:\/\/kanzlei-nassif.de\/en\/"},{"@type":"ListItem","position":2,"name":"Home"}]},{"@type":"WebSite","@id":"https:\/\/kanzlei-nassif.de\/en\/#website","url":"https:\/\/kanzlei-nassif.de\/en\/","name":"kanzlei-nassif.de","description":"","publisher":{"@id":"https:\/\/kanzlei-nassif.de\/en\/#organization"},"potentialAction":[{"@type":"SearchAction","target":{"@type":"EntryPoint","urlTemplate":"https:\/\/kanzlei-nassif.de\/en\/?s={search_term_string}"},"query-input":"required name=search_term_string"}],"inLanguage":"en-US"},{"@type":"Organization","@id":"https:\/\/kanzlei-nassif.de\/en\/#organization","name":"kanzlei-nassif.de","url":"https:\/\/kanzlei-nassif.de\/en\/","logo":{"@type":"ImageObject","inLanguage":"en-US","@id":"https:\/\/kanzlei-nassif.de\/en\/#\/schema\/logo\/image\/","url":"https:\/\/kanzlei-nassif.de\/wp-content\/uploads\/2021\/11\/iyad-nassif-logo-white.svg","contentUrl":"https:\/\/kanzlei-nassif.de\/wp-content\/uploads\/2021\/11\/iyad-nassif-logo-white.svg","width":1080,"height":660,"caption":"kanzlei-nassif.de"},"image":{"@id":"https:\/\/kanzlei-nassif.de\/en\/#\/schema\/logo\/image\/"}}]}},"_links":{"self":[{"href":"https:\/\/kanzlei-nassif.de\/en\/wp-json\/wp\/v2\/pages\/144"}],"collection":[{"href":"https:\/\/kanzlei-nassif.de\/en\/wp-json\/wp\/v2\/pages"}],"about":[{"href":"https:\/\/kanzlei-nassif.de\/en\/wp-json\/wp\/v2\/types\/page"}],"author":[{"embeddable":true,"href":"https:\/\/kanzlei-nassif.de\/en\/wp-json\/wp\/v2\/users\/1"}],"replies":[{"embeddable":true,"href":"https:\/\/kanzlei-nassif.de\/en\/wp-json\/wp\/v2\/comments?post=144"}],"version-history":[{"count":8,"href":"https:\/\/kanzlei-nassif.de\/en\/wp-json\/wp\/v2\/pages\/144\/revisions"}],"predecessor-version":[{"id":242,"href":"https:\/\/kanzlei-nassif.de\/en\/wp-json\/wp\/v2\/pages\/144\/revisions\/242"}],"wp:attachment":[{"href":"https:\/\/kanzlei-nassif.de\/en\/wp-json\/wp\/v2\/media?parent=144"}],"curies":[{"name":"wp","href":"https:\/\/api.w.org\/{rel}","templated":true}]}}