{"id":159,"date":"2021-12-05T15:07:15","date_gmt":"2021-12-05T14:07:15","guid":{"rendered":"https:\/\/kanzlei-nassif.de\/?page_id=159"},"modified":"2021-12-08T16:21:41","modified_gmt":"2021-12-08T15:21:41","slug":"imprint","status":"publish","type":"page","link":"https:\/\/kanzlei-nassif.de\/en\/imprint\/","title":{"rendered":"Imprint"},"content":{"rendered":"\n<h1>Site Notice<\/h1>\n\n\n\n<h2>Information pursuant to Sect. 5 German Telemedia Act (TMG)<\/h2>\n\n\n\n<h2>Dr. Iyad Nassif<br>Lawyer and Specialist lawyer in criminal law<\/h2>\n\n\n\n<div class=\"wp-block-contact-form-7-contact-form-selector\"><div class=\"wpcf7 no-js\" id=\"wpcf7-f214-o1\" lang=\"de-DE\" dir=\"ltr\">\n<div class=\"screen-reader-response\"><p role=\"status\" aria-live=\"polite\" aria-atomic=\"true\"><\/p> <ul><\/ul><\/div>\n<form action=\"\/en\/wp-json\/wp\/v2\/pages\/159#wpcf7-f214-o1\" method=\"post\" class=\"wpcf7-form init\" aria-label=\"Kontaktformular\" novalidate=\"novalidate\" data-status=\"init\">\n<div style=\"display: none;\">\n<input type=\"hidden\" name=\"_wpcf7\" value=\"214\" \/>\n<input type=\"hidden\" name=\"_wpcf7_version\" value=\"5.7.2\" \/>\n<input type=\"hidden\" name=\"_wpcf7_locale\" value=\"de_DE\" \/>\n<input type=\"hidden\" name=\"_wpcf7_unit_tag\" value=\"wpcf7-f214-o1\" \/>\n<input type=\"hidden\" name=\"_wpcf7_container_post\" value=\"0\" \/>\n<input type=\"hidden\" name=\"_wpcf7_posted_data_hash\" value=\"\" \/>\n<\/div>\n<p>To view the adress, please confirm you are not a bot.\n<\/p>\n<p><span class=\"wpcf7-form-control-wrap\" data-name=\"acceptance-376\"><span class=\"wpcf7-form-control wpcf7-acceptance\"><span class=\"wpcf7-list-item\"><label><input type=\"checkbox\" name=\"acceptance-376\" value=\"1\" aria-invalid=\"false\" \/><span class=\"wpcf7-list-item-label\">Ich confirm, that I am not a bot.<\/span><\/label><\/span><\/span><\/span>\n<\/p>\n<p><input class=\"wpcf7-form-control has-spinner wpcf7-submit\" type=\"submit\" value=\"Show address\" \/>\n<\/p><div class=\"wpcf7-response-output\" aria-hidden=\"true\"><\/div><\/form><\/div><\/div>\n\n\n\n<p><strong>Mobile: + 49 152 22 756 312<\/strong><\/p>\n\n\n\n<p>E-Mail: info@kanzlei-nassif.de<\/p>\n\n\n\n<p>Online: www.kanzlei-nassif.de<\/p>\n\n\n\n<h2>Rechtsanwaltskammer<\/h2>\n\n\n\n<p>Herr Dr. Nassif ist Mitglied der:<\/p>\n\n\n\n<p>Rechtsanwaltskammer f\u00fcr den Oberlandesgerichtsbezirk Hamm<\/p>\n\n\n\n<p>Ostenallee 18<\/p>\n\n\n\n<p>59063 Hamm<\/p>\n\n\n\n<p>Tel. +49 2381 \u2013 985 000<\/p>\n\n\n\n<p>info@rak-hamm.de<\/p>\n\n\n\n<p>www.rak-hamm.de<\/p>\n\n\n\n<p>die als zust\u00e4ndige Aufsichtsbeh\u00f6rde fungiert.<\/p>\n\n\n\n<p>Rechtsanwalt Dr. Iyad Nassif unterliegt den berufsrechtlichen Bestimmungen der Bundesrechtsanwaltsordnung (BRAO), der Berufsordnung f\u00fcr Rechtsanw\u00e4lte (BORA) und des Rechtsanwaltsverg\u00fctungsgesetzes (RVG). Die berufsrechtlichen Regelungen k\u00f6nnen \u00fcber die Homepage der Bundesrechtsanwaltskammer (www.brak.de) in der Rubrik \u201eBerufsrecht\u201c auf Deutsch und Englisch eingesehen und abgerufen werden.<\/p>\n\n\n\n<h2>Haftpflichtversicherung<\/h2>\n\n\n\n<p>Rechtsanwalt Dr. Iyad Nassif unterh\u00e4lt eine Berufshaftpflichtversicherung bei der<\/p>\n\n\n\n<p><strong>R + V Allgemeine Versicherung AG<\/strong><br><strong>Raiffeisenplatz<\/strong><br><strong>165189 Wiesbaden<\/strong><\/p>\n\n\n\n<p>Der Umfang des Versicherungsschutzes entspricht mindestens den Anforderungen des \u00a7 51a BRAO.<\/p>\n\n\n\n<h2>Au\u00dfergerichtliche Streitschlichtung<\/h2>\n\n\n\n<p>Bei Streitigkeiten zwischen Rechtsanw\u00e4lten und ihren Auftraggebern besteht auf Antrag die M\u00f6glichkeit der au\u00dfergerichtlichen Streitschlichtung bei der zust\u00e4ndigen Rechtsanwaltskammer D\u00fcsseldorf (gem\u00e4\u00df \u00a7 73 Abs. 2 Nr. 3 und Abs. 5 BRAO) oder (gem\u00e4\u00df \u00a7 191f BRAO) bei der Schlichtungsstelle der Rechtsanwaltschaft bei der Bundesrechtsanwaltskammer<\/p>\n\n\n\n<p>Neue Gr\u00fcnstra\u00dfe 17\/18<br>10179 Berlin<\/p>\n\n\n\n<p>Tel. +49 30 2844417-0<\/p>\n\n\n\n<p>Fax +49 30 2844417-12<\/p>\n\n\n\n<p>Internet: www.schlichtungsstelle-der-rechtsanwaltschaft.de<\/p>\n\n\n\n<p>E-Mail: schlichtungsstelle@s-d-r.org<\/p>\n\n\n\n<p>F\u00fcr verm\u00f6gensrechtliche Streitigkeiten aus dem Mandatsverh\u00e4ltnis ist die Schlichtungsstelle der Rechtsanwaltschaft, Neue Gr\u00fcnstra\u00dfe 17, 10179 Berlin, www.s-d-r.org, zust\u00e4ndig.<\/p>\n\n\n\n<p>Die Rechtsanwaltskanzlei Dr. Iyad Nassif ist grunds\u00e4tzlich bereit, an Streitbeilegungsverfahren bei der Schlichtungsstelle der Rechtsanwaltschaft teilzunehmen.<\/p>\n\n\n\n<h2>Website<\/h2>\n\n\n\n<p> <a href=\"https:\/\/kodarto.de\">Kodarto<\/a> <\/p>\n\n\n\n<h2>Images<\/h2>\n\n\n\n<p>Lukassek \/ stock.adobe.com<\/p>\n","protected":false},"excerpt":{"rendered":"<p>Site Notice Information pursuant to Sect. 5 German Telemedia Act (TMG) Dr. Iyad NassifLawyer and Specialist lawyer in criminal law Mobile: + 49 152 22 756 312 E-Mail: info@kanzlei-nassif.de Online: www.kanzlei-nassif.de Rechtsanwaltskammer Herr Dr. Nassif ist Mitglied der: Rechtsanwaltskammer f\u00fcr den Oberlandesgerichtsbezirk Hamm Ostenallee 18 59063 Hamm Tel. +49 2381 \u2013 985 000 info@rak-hamm.de www.rak-hamm.de [&#8230;]<\/p>\n<p><a class=\"btn btn-secondary understrap-read-more-link\" href=\"https:\/\/kanzlei-nassif.de\/en\/imprint\/\">Read More&#8230;<span class=\"screen-reader-text\"> from Imprint<\/span><\/a><\/p>\n","protected":false},"author":1,"featured_media":0,"parent":0,"menu_order":0,"comment_status":"closed","ping_status":"closed","template":"","meta":[],"acf":[],"yoast_head":"<!-- This site is optimized with the Yoast SEO plugin v19.14 - https:\/\/yoast.com\/wordpress\/plugins\/seo\/ -->\n<title>Imprint - kanzlei-nassif.de<\/title>\n<meta name=\"robots\" content=\"index, follow, max-snippet:-1, max-image-preview:large, max-video-preview:-1\" \/>\n<link rel=\"canonical\" href=\"https:\/\/kanzlei-nassif.de\/en\/imprint\/\" \/>\n<meta property=\"og:locale\" content=\"en_US\" \/>\n<meta property=\"og:type\" content=\"article\" \/>\n<meta property=\"og:title\" content=\"Imprint - kanzlei-nassif.de\" \/>\n<meta property=\"og:description\" content=\"Site Notice Information pursuant to Sect. 5 German Telemedia Act (TMG) Dr. Iyad NassifLawyer and Specialist lawyer in criminal law Mobile: + 49 152 22 756 312 E-Mail: info@kanzlei-nassif.de Online: www.kanzlei-nassif.de Rechtsanwaltskammer Herr Dr. Nassif ist Mitglied der: Rechtsanwaltskammer f\u00fcr den Oberlandesgerichtsbezirk Hamm Ostenallee 18 59063 Hamm Tel. +49 2381 \u2013 985 000 info@rak-hamm.de www.rak-hamm.de [...]Read More... from Imprint\" \/>\n<meta property=\"og:url\" content=\"https:\/\/kanzlei-nassif.de\/en\/imprint\/\" \/>\n<meta property=\"og:site_name\" content=\"kanzlei-nassif.de\" \/>\n<meta property=\"article:modified_time\" content=\"2021-12-08T15:21:41+00:00\" \/>\n<meta name=\"twitter:card\" content=\"summary_large_image\" \/>\n<meta name=\"twitter:label1\" content=\"Est. reading time\" \/>\n\t<meta name=\"twitter:data1\" content=\"2 minutes\" \/>\n<script type=\"application\/ld+json\" class=\"yoast-schema-graph\">{\"@context\":\"https:\/\/schema.org\",\"@graph\":[{\"@type\":\"WebPage\",\"@id\":\"https:\/\/kanzlei-nassif.de\/en\/imprint\/\",\"url\":\"https:\/\/kanzlei-nassif.de\/en\/imprint\/\",\"name\":\"Imprint - kanzlei-nassif.de\",\"isPartOf\":{\"@id\":\"https:\/\/kanzlei-nassif.de\/en\/#website\"},\"datePublished\":\"2021-12-05T14:07:15+00:00\",\"dateModified\":\"2021-12-08T15:21:41+00:00\",\"breadcrumb\":{\"@id\":\"https:\/\/kanzlei-nassif.de\/en\/imprint\/#breadcrumb\"},\"inLanguage\":\"en-US\",\"potentialAction\":[{\"@type\":\"ReadAction\",\"target\":[\"https:\/\/kanzlei-nassif.de\/en\/imprint\/\"]}]},{\"@type\":\"BreadcrumbList\",\"@id\":\"https:\/\/kanzlei-nassif.de\/en\/imprint\/#breadcrumb\",\"itemListElement\":[{\"@type\":\"ListItem\",\"position\":1,\"name\":\"Home\",\"item\":\"https:\/\/kanzlei-nassif.de\/en\/\"},{\"@type\":\"ListItem\",\"position\":2,\"name\":\"Imprint\"}]},{\"@type\":\"WebSite\",\"@id\":\"https:\/\/kanzlei-nassif.de\/en\/#website\",\"url\":\"https:\/\/kanzlei-nassif.de\/en\/\",\"name\":\"kanzlei-nassif.de\",\"description\":\"\",\"publisher\":{\"@id\":\"https:\/\/kanzlei-nassif.de\/en\/#organization\"},\"potentialAction\":[{\"@type\":\"SearchAction\",\"target\":{\"@type\":\"EntryPoint\",\"urlTemplate\":\"https:\/\/kanzlei-nassif.de\/en\/?s={search_term_string}\"},\"query-input\":\"required name=search_term_string\"}],\"inLanguage\":\"en-US\"},{\"@type\":\"Organization\",\"@id\":\"https:\/\/kanzlei-nassif.de\/en\/#organization\",\"name\":\"kanzlei-nassif.de\",\"url\":\"https:\/\/kanzlei-nassif.de\/en\/\",\"logo\":{\"@type\":\"ImageObject\",\"inLanguage\":\"en-US\",\"@id\":\"https:\/\/kanzlei-nassif.de\/en\/#\/schema\/logo\/image\/\",\"url\":\"https:\/\/kanzlei-nassif.de\/wp-content\/uploads\/2021\/11\/iyad-nassif-logo-white.svg\",\"contentUrl\":\"https:\/\/kanzlei-nassif.de\/wp-content\/uploads\/2021\/11\/iyad-nassif-logo-white.svg\",\"width\":1080,\"height\":660,\"caption\":\"kanzlei-nassif.de\"},\"image\":{\"@id\":\"https:\/\/kanzlei-nassif.de\/en\/#\/schema\/logo\/image\/\"}}]}<\/script>\n<!-- \/ Yoast SEO plugin. -->","yoast_head_json":{"title":"Imprint - kanzlei-nassif.de","robots":{"index":"index","follow":"follow","max-snippet":"max-snippet:-1","max-image-preview":"max-image-preview:large","max-video-preview":"max-video-preview:-1"},"canonical":"https:\/\/kanzlei-nassif.de\/en\/imprint\/","og_locale":"en_US","og_type":"article","og_title":"Imprint - kanzlei-nassif.de","og_description":"Site Notice Information pursuant to Sect. 5 German Telemedia Act (TMG) Dr. Iyad NassifLawyer and Specialist lawyer in criminal law Mobile: + 49 152 22 756 312 E-Mail: info@kanzlei-nassif.de Online: www.kanzlei-nassif.de Rechtsanwaltskammer Herr Dr. Nassif ist Mitglied der: Rechtsanwaltskammer f\u00fcr den Oberlandesgerichtsbezirk Hamm Ostenallee 18 59063 Hamm Tel. +49 2381 \u2013 985 000 info@rak-hamm.de www.rak-hamm.de [...]Read More... from Imprint","og_url":"https:\/\/kanzlei-nassif.de\/en\/imprint\/","og_site_name":"kanzlei-nassif.de","article_modified_time":"2021-12-08T15:21:41+00:00","twitter_card":"summary_large_image","twitter_misc":{"Est. reading time":"2 minutes"},"schema":{"@context":"https:\/\/schema.org","@graph":[{"@type":"WebPage","@id":"https:\/\/kanzlei-nassif.de\/en\/imprint\/","url":"https:\/\/kanzlei-nassif.de\/en\/imprint\/","name":"Imprint - kanzlei-nassif.de","isPartOf":{"@id":"https:\/\/kanzlei-nassif.de\/en\/#website"},"datePublished":"2021-12-05T14:07:15+00:00","dateModified":"2021-12-08T15:21:41+00:00","breadcrumb":{"@id":"https:\/\/kanzlei-nassif.de\/en\/imprint\/#breadcrumb"},"inLanguage":"en-US","potentialAction":[{"@type":"ReadAction","target":["https:\/\/kanzlei-nassif.de\/en\/imprint\/"]}]},{"@type":"BreadcrumbList","@id":"https:\/\/kanzlei-nassif.de\/en\/imprint\/#breadcrumb","itemListElement":[{"@type":"ListItem","position":1,"name":"Home","item":"https:\/\/kanzlei-nassif.de\/en\/"},{"@type":"ListItem","position":2,"name":"Imprint"}]},{"@type":"WebSite","@id":"https:\/\/kanzlei-nassif.de\/en\/#website","url":"https:\/\/kanzlei-nassif.de\/en\/","name":"kanzlei-nassif.de","description":"","publisher":{"@id":"https:\/\/kanzlei-nassif.de\/en\/#organization"},"potentialAction":[{"@type":"SearchAction","target":{"@type":"EntryPoint","urlTemplate":"https:\/\/kanzlei-nassif.de\/en\/?s={search_term_string}"},"query-input":"required name=search_term_string"}],"inLanguage":"en-US"},{"@type":"Organization","@id":"https:\/\/kanzlei-nassif.de\/en\/#organization","name":"kanzlei-nassif.de","url":"https:\/\/kanzlei-nassif.de\/en\/","logo":{"@type":"ImageObject","inLanguage":"en-US","@id":"https:\/\/kanzlei-nassif.de\/en\/#\/schema\/logo\/image\/","url":"https:\/\/kanzlei-nassif.de\/wp-content\/uploads\/2021\/11\/iyad-nassif-logo-white.svg","contentUrl":"https:\/\/kanzlei-nassif.de\/wp-content\/uploads\/2021\/11\/iyad-nassif-logo-white.svg","width":1080,"height":660,"caption":"kanzlei-nassif.de"},"image":{"@id":"https:\/\/kanzlei-nassif.de\/en\/#\/schema\/logo\/image\/"}}]}},"_links":{"self":[{"href":"https:\/\/kanzlei-nassif.de\/en\/wp-json\/wp\/v2\/pages\/159"}],"collection":[{"href":"https:\/\/kanzlei-nassif.de\/en\/wp-json\/wp\/v2\/pages"}],"about":[{"href":"https:\/\/kanzlei-nassif.de\/en\/wp-json\/wp\/v2\/types\/page"}],"author":[{"embeddable":true,"href":"https:\/\/kanzlei-nassif.de\/en\/wp-json\/wp\/v2\/users\/1"}],"replies":[{"embeddable":true,"href":"https:\/\/kanzlei-nassif.de\/en\/wp-json\/wp\/v2\/comments?post=159"}],"version-history":[{"count":2,"href":"https:\/\/kanzlei-nassif.de\/en\/wp-json\/wp\/v2\/pages\/159\/revisions"}],"predecessor-version":[{"id":216,"href":"https:\/\/kanzlei-nassif.de\/en\/wp-json\/wp\/v2\/pages\/159\/revisions\/216"}],"wp:attachment":[{"href":"https:\/\/kanzlei-nassif.de\/en\/wp-json\/wp\/v2\/media?parent=159"}],"curies":[{"name":"wp","href":"https:\/\/api.w.org\/{rel}","templated":true}]}}